{"id":6225,"date":"2025-04-14T16:43:59","date_gmt":"2025-04-14T14:43:59","guid":{"rendered":"https:\/\/barf-aalborg.dk\/?post_type=product&#038;p=6225"},"modified":"2026-04-01T09:13:13","modified_gmt":"2026-04-01T07:13:13","slug":"lilys-kitchen-puppy-chicken","status":"publish","type":"product","link":"https:\/\/barf-aalborg.dk\/index.php\/vare\/lilys-kitchen-puppy-chicken\/","title":{"rendered":"Lily\u00b4s Kitchen Puppy Chicken"},"content":{"rendered":"<p>Lily`s Kitchen Puppy Chicken &#8211; Kornfri t\u00f8rfoder til hvalpe med kylling<\/p>\n<p>Indhold:\u00a044% Kylling &amp; laks<\/p>\n<p><strong>Frisk kylling (27%), frisklavet laks (10%), kyllingelever (7%).<\/strong>S\u00f8d kartoffel, \u00e6rteprotein, kartoffelprotein, hele linser, hele \u00e6rter (4%), kyllingefedt, \u00e6g, kyllingesav, h\u00f8rfr\u00f8, mineraler, botaniske planter og urter * (1%), laksolie, blandingsplejemix (methylsulfonylmethan 1600 mg \/ kg, glukosamin 1500 mg \/ kg, kondroitinsulfat 1500 mg \/ kg), pr\u00e6biotika (Mannan oligosaccharider 2,5 g \/ kg, fruktooligosaccharider 1,5 g \/ kg), guler\u00f8dder, \u00e6bler, traneb\u00e6r, spinat.<\/p>\n<p>* Botanik og urter: Alfalfa, Chickweed, Cleavers, Golden Rod, Nettles, Tang, M\u00e6lkeb\u00f8tterod, Sellerifr\u00f8, m\u00e6lketistel, Burdock Root, Marigold Flowers, Rosehips .<\/p>\n<p>Kalorier\u00a0 380 kcal \/ 100 g<\/p>\n<div id=\"shopify-section-template--24818740724058__product_info_GQ6U3j\" class=\"shopify-section\">\n<div id=\"\" class=\"product-info__container container\" title=\"\" data-product-json=\"{\">\n<div class=\"product-tabs__section\">\n<div class=\"product-tabs\">\n<div class=\"product-tabs__wrapper\">\n<div class=\"product-tabs__content\">\n<div class=\"product-tabs__item\">\n<div class=\"metafield-rich_text_field\">\n<h4>Analytical constituents<\/h4>\n<p>Crude Protein 29%<br \/>\nCrude Fat 16%<br \/>\nCrude Fibres 3%<br \/>\nCrude Ash 7.5%<br \/>\nOmega 6 3.1%<br \/>\nOmega 3 1.2%<br \/>\nCalcium 1.2%<br \/>\nPhosphorus 0.9%<\/p>\n<h4>Additives (per kg):<\/h4>\n<p>Vitamins: Vitamin A 18,000 IU, Vitamin D3 1,800 IU, Vitamin E 150 IU<\/p>\n<h4>Trace Elements:<\/h4>\n<p>Zinc (Zinc Chelate of Amino Acids Hydrate) 100mg, Manganese (Manganese Chelate of Amino Acids Hydrate) 10mg, Copper (Copper (II) Chelate of Amino Acids Hydrate) 9mg, Selenium (Organic Selenium S. cerevisiae CNCM I-3060) 0.2mg, Iodine (Calcium Iodate Anhydrous) 0.5mg.<\/p>\n<\/div>\n<\/div>\n<\/div>\n<\/div>\n<\/div>\n<\/div>\n<\/div>\n<\/div>\n","protected":false},"excerpt":{"rendered":"<p>Lily`s Kitchen Puppy Chicken &#8211; Kornfri t\u00f8rfoder til hvalpe med kylling Indhold:\u00a044% Kylling &amp; laks Frisk kylling (27%), frisklavet laks (10%), kyllingelever (7%).S\u00f8d kartoffel, \u00e6rteprotein, kartoffelprotein, hele linser, hele \u00e6rter (4%), kyllingefedt, \u00e6g, kyllingesav, h\u00f8rfr\u00f8, mineraler, botaniske planter og urter * (1%), laksolie, blandingsplejemix (methylsulfonylmethan 1600 mg \/ kg, glukosamin 1500 mg \/ kg, kondroitinsulfat [&hellip;]<\/p>\n","protected":false},"featured_media":6226,"comment_status":"closed","ping_status":"closed","template":"","meta":[],"product_brand":[231],"product_cat":[262,17],"product_tag":[284,65,19],"class_list":{"0":"post-6225","1":"product","2":"type-product","3":"status-publish","4":"has-post-thumbnail","6":"product_brand-lilys-kitchen","7":"product_cat-lilys-kitchen","8":"product_cat-toerfoder","9":"product_tag-hvalpefoder","10":"product_tag-kornfrit-toerfoder-til-hunde","11":"product_tag-toerfoder","13":"first","14":"instock","15":"taxable","16":"shipping-taxable","17":"purchasable","18":"product-type-simple"},"_links":{"self":[{"href":"https:\/\/barf-aalborg.dk\/index.php\/wp-json\/wp\/v2\/product\/6225","targetHints":{"allow":["GET"]}}],"collection":[{"href":"https:\/\/barf-aalborg.dk\/index.php\/wp-json\/wp\/v2\/product"}],"about":[{"href":"https:\/\/barf-aalborg.dk\/index.php\/wp-json\/wp\/v2\/types\/product"}],"replies":[{"embeddable":true,"href":"https:\/\/barf-aalborg.dk\/index.php\/wp-json\/wp\/v2\/comments?post=6225"}],"version-history":[{"count":1,"href":"https:\/\/barf-aalborg.dk\/index.php\/wp-json\/wp\/v2\/product\/6225\/revisions"}],"predecessor-version":[{"id":6227,"href":"https:\/\/barf-aalborg.dk\/index.php\/wp-json\/wp\/v2\/product\/6225\/revisions\/6227"}],"wp:featuredmedia":[{"embeddable":true,"href":"https:\/\/barf-aalborg.dk\/index.php\/wp-json\/wp\/v2\/media\/6226"}],"wp:attachment":[{"href":"https:\/\/barf-aalborg.dk\/index.php\/wp-json\/wp\/v2\/media?parent=6225"}],"wp:term":[{"taxonomy":"product_brand","embeddable":true,"href":"https:\/\/barf-aalborg.dk\/index.php\/wp-json\/wp\/v2\/product_brand?post=6225"},{"taxonomy":"product_cat","embeddable":true,"href":"https:\/\/barf-aalborg.dk\/index.php\/wp-json\/wp\/v2\/product_cat?post=6225"},{"taxonomy":"product_tag","embeddable":true,"href":"https:\/\/barf-aalborg.dk\/index.php\/wp-json\/wp\/v2\/product_tag?post=6225"}],"curies":[{"name":"wp","href":"https:\/\/api.w.org\/{rel}","templated":true}]}}