{"id":6205,"date":"2025-04-14T07:06:56","date_gmt":"2025-04-14T05:06:56","guid":{"rendered":"https:\/\/barf-aalborg.dk\/?post_type=product&#038;p=6205"},"modified":"2026-04-01T09:13:22","modified_gmt":"2026-04-01T07:13:22","slug":"acana-highest-protein-wild-prairie","status":"publish","type":"product","link":"https:\/\/barf-aalborg.dk\/index.php\/vare\/acana-highest-protein-wild-prairie\/","title":{"rendered":"Acana Highest Protein Wild Prairie"},"content":{"rendered":"<p>ACANA\u2122\u00a0<strong>Highest Protein Wild Prairie\u00a0<\/strong>t\u00f8rfoder til hunde af alle racer og i alle livsfaser giver din hund de n\u00e6ringsstoffer, den har brug for. Lavet med 70% animalske kvalitetsingredienser, med fersk eller r\u00e5 kylling, kalkun og kyllingeindmad som de tre hovedingredienser. Afbalanceret med frugt, gr\u00f8ntsager og planter, som din hund har brug for til at forblive glad, sund og st\u00e6rk. Disse kibbles hj\u00e6lper med at st\u00f8tte en sund ford\u00f8jelse. De indeholder kun kvalitetsingredienser og ingen korn, kunstige smagsstoffer, farver eller konserveringsmidler.<\/p>\n<ul>\n<li>Fyldt med protein &#8211; t\u00f8rfoder specielt tilpasset behovene hos hunde i alle livsfaser<\/li>\n<li>Fremstillet med 70% kvalitets animalske r\u00e5varer med fersk eller r\u00e5 kylling, kalkun &amp; kyllingeindmad som de 3 hovedingredienser, fisk og ingen korn<\/li>\n<li>N\u00e6ringsstoffer med pr\u00e6biotika og fibre til at st\u00f8tte en sund ford\u00f8jelse<\/li>\n<li>Fryset\u00f8rret lever coating for en smag, som hunden vil elske<\/li>\n<li>Ingen kunstige smagsstoffer, farver eller konserveringsmidler og ingen soja, majs, tapioka eller hvede er tilsat<\/li>\n<\/ul>\n<p>METABOLISERBAR ENERGI: 3850 kcal\/kg (462 kcal pr. 250 ml\/120 g kop) med kalorier fordelt til at underst\u00f8tte topkonditioneringen: 36 % fra protein, 24 % fra kulhydrater og 40 % fra fedt.<\/p>\n<div id=\"field_display_groups\" class=\"col-12 col-md-8 order-2 order-md-1\">\n<div class=\"mb-1 border\">\n<div id=\"collapse_Ingredients\" class=\"collapse show\" aria-labelledby=\"heading_Ingredients\" data-parent=\"#field_display_groups\">\n<div class=\"px-1 pt-1 pb-0 small\">\n<div class=\"font-weight-bold\">Sammens\u00e6tning<\/div>\n<div>Fersk kylling (11%), r\u00e5 kalkun (9%), ferske kyllingeindvolde (lever, hjerte) (9%), kyllingemel (9%), sildemel (9%), hele gr\u00f8nne \u00e6rter, hele r\u00f8de linser, hele kik\u00e6rter, r\u00e5 ferskvandss\u00f8fisk* (6%), kalkunmel (6 %), \u00e6g (4 %), kyllingefedt (4 %), hele gr\u00f8nne linser, hele pinto-b\u00f8nner, hele gule \u00e6rter, linsefibre, fiskeolie (2 %), \u00e6rtestivelse, r\u00e5 kalkunlever (1 %), t\u00f8rret tang, salt, fryset\u00f8rret kylling og lever, friske hele gr\u00e6skar, friske hele butternutsquash, friske hele guler\u00f8dder, friske hele \u00e6bler, friske hele p\u00e6rer, friske hele zucchini, t\u00f8rret cikorierod, frisk gr\u00f8nk\u00e5l, frisk spinat, friske majroer, friske r\u00f8dbeder, hele traneb\u00e6r, hele bl\u00e5b\u00e6r, hele saskatoonb\u00e6r, gurkemeje, marietidsel, burrerod, lavendel, althearod, hyben. *varieret blanding af r\u00e5 tullibee, hvidfisk, gedde, multe<\/p>\n<\/div>\n<\/div>\n<div class=\"px-1 pt-1 pb-0 small\">\n<div class=\"font-weight-bold\">Analytiske bestanddele<\/div>\n<div>R\u00e5protein: 35% Fedtindhold: 17% R\u00e5fiber: 6% R\u00e5aske: 7% Fugtighed: 12% Calcium: 1,5% Fosfor: 1,1% Omega-3-fedtsyrer: 0,9% Omega-6-fedtsyrer: 2,6% DHA (docosahexaensyre): 0,2% EPA (eicosapentaensyre): 0.2%<\/p>\n<\/div>\n<\/div>\n<div class=\"px-1 pt-1 pb-0 small\">\n<div class=\"font-weight-bold\">Tils\u00e6tningsstoffer<\/div>\n<div>Teknologiske tils\u00e6tningsstoffer: Tocopherolekstrakt fra vegetabilske olier: 121 mg, citronsyre: 40 mg. Sensoriske tils\u00e6tningsstoffer: Rosmarinekstrakt: 80 mg. Ern\u00e6ringsm\u00e6ssige tils\u00e6tningsstoffer: 3b606 (Zink: 150 mg), 3b406 (Kobber: 11 mg), 3a821 Vitamin B1: 25 mg, 3a841 Vitamin B5: 8 mg, 3a831 Vitamin B6: 7,5 mg, 3a700 Vitamin E: 50 IU. Zootekniske tils\u00e6tningsstoffer: 4b1707 Enterococcus faecium NCIMB 10415 2.2&#215;10^6 CFU<\/p>\n<\/div>\n<\/div>\n<div class=\"px-1 pt-1 pb-1 small\">\n<div class=\"font-weight-bold\">Energiindhold : 3850<\/div>\n<\/div>\n<div>Produceret i Canada<\/div>\n<\/div>\n<\/div>\n<\/div>\n","protected":false},"excerpt":{"rendered":"<p>ACANA\u2122\u00a0Highest Protein Wild Prairie\u00a0t\u00f8rfoder til hunde af alle racer og i alle livsfaser giver din hund de n\u00e6ringsstoffer, den har brug for. Lavet med 70% animalske kvalitetsingredienser, med fersk eller r\u00e5 kylling, kalkun og kyllingeindmad som de tre hovedingredienser. Afbalanceret med frugt, gr\u00f8ntsager og planter, som din hund har brug for til at forblive glad, [&hellip;]<\/p>\n","protected":false},"featured_media":6208,"comment_status":"closed","ping_status":"closed","template":"","meta":[],"product_brand":[198],"product_cat":[259,17],"product_tag":[20,65,19],"class_list":{"0":"post-6205","1":"product","2":"type-product","3":"status-publish","4":"has-post-thumbnail","6":"product_brand-acana","7":"product_cat-acana","8":"product_cat-toerfoder","9":"product_tag-hundefoder","10":"product_tag-kornfrit-toerfoder-til-hunde","11":"product_tag-toerfoder","12":"pa_kilo-291","13":"pa_kilo-271","14":"pa_kilo-290","16":"first","17":"instock","18":"taxable","19":"shipping-taxable","20":"purchasable","21":"product-type-variable"},"_links":{"self":[{"href":"https:\/\/barf-aalborg.dk\/index.php\/wp-json\/wp\/v2\/product\/6205","targetHints":{"allow":["GET"]}}],"collection":[{"href":"https:\/\/barf-aalborg.dk\/index.php\/wp-json\/wp\/v2\/product"}],"about":[{"href":"https:\/\/barf-aalborg.dk\/index.php\/wp-json\/wp\/v2\/types\/product"}],"replies":[{"embeddable":true,"href":"https:\/\/barf-aalborg.dk\/index.php\/wp-json\/wp\/v2\/comments?post=6205"}],"version-history":[{"count":1,"href":"https:\/\/barf-aalborg.dk\/index.php\/wp-json\/wp\/v2\/product\/6205\/revisions"}],"predecessor-version":[{"id":6212,"href":"https:\/\/barf-aalborg.dk\/index.php\/wp-json\/wp\/v2\/product\/6205\/revisions\/6212"}],"wp:featuredmedia":[{"embeddable":true,"href":"https:\/\/barf-aalborg.dk\/index.php\/wp-json\/wp\/v2\/media\/6208"}],"wp:attachment":[{"href":"https:\/\/barf-aalborg.dk\/index.php\/wp-json\/wp\/v2\/media?parent=6205"}],"wp:term":[{"taxonomy":"product_brand","embeddable":true,"href":"https:\/\/barf-aalborg.dk\/index.php\/wp-json\/wp\/v2\/product_brand?post=6205"},{"taxonomy":"product_cat","embeddable":true,"href":"https:\/\/barf-aalborg.dk\/index.php\/wp-json\/wp\/v2\/product_cat?post=6205"},{"taxonomy":"product_tag","embeddable":true,"href":"https:\/\/barf-aalborg.dk\/index.php\/wp-json\/wp\/v2\/product_tag?post=6205"}],"curies":[{"name":"wp","href":"https:\/\/api.w.org\/{rel}","templated":true}]}}