{"id":6178,"date":"2025-04-14T06:29:52","date_gmt":"2025-04-14T04:29:52","guid":{"rendered":"https:\/\/barf-aalborg.dk\/?post_type=product&#038;p=6178"},"modified":"2026-04-01T09:13:22","modified_gmt":"2026-04-01T07:13:22","slug":"acana-light-fit","status":"publish","type":"product","link":"https:\/\/barf-aalborg.dk\/index.php\/vare\/acana-light-fit\/","title":{"rendered":"Acana Light &#038; Fit"},"content":{"rendered":"<p>Din hund har brug for en kost, der er rig p\u00e5 animalsk protein, for at underst\u00f8tte muskelmasse og fremme en sund kropsv\u00e6gt. Hos ACANA\u2122 forst\u00e5r vi dette, da hver ingrediens betyder noget.<\/p>\n<p>ACANA\u2122\u00a0<strong>Light &amp; Fit<\/strong>\u00a0er fyldt med proteinrige animalske ingredienser, herunder fersk kylling, r\u00e5 kulmule og frugt og gr\u00f8ntsager, som din hund har brug for til at forblive glad, sund og st\u00e6rk, samtidig med at den holder v\u00e6gten. Disse kibbles hj\u00e6lper med at give fuld st\u00f8tte til immunforsvaret, en sund ford\u00f8jelse samt en sund hud og pels. De indeholder kun kvalitetsingredienser og ingen korn, kunstige smagsstoffer, farver eller konserveringsmidler.<\/p>\n<ul>\n<li>Fyldt med protein &#8211; t\u00f8rfoder specielt til at hj\u00e6lpe med v\u00e6gtstyring af voksne hunde af alle racer<\/li>\n<li>Fremstillet med 65% kvalitets animalske r\u00e5varer med fersk kylling som hovedingrediens, r\u00e5 kulmule og ingen korn<\/li>\n<li>Immunitet, pels og ford\u00f8jelsen underst\u00f8ttes af E-vitamin, fibre, en blanding af pr\u00e6- og probiotika og Omega-3- &amp; Omega-6-fedtsyrer<\/li>\n<li>Gr\u00f8nsager, frugt og urter er en del af foderet, herunder friske hele gr\u00e6skar, gr\u00f8ntsager, \u00e6bler og p\u00e6rer<\/li>\n<li>Ingen kunstige smagsstoffer, farver eller konserveringsmidler og ingen soja, majs, tapioka eller hvede er tilsat<\/li>\n<\/ul>\n<p>Metaboliserbar energi er 3070 kcal\/kg (368 kcal pr. 250 ml\/120 g kop), med 40 % fra protein, 30 % fra kulhydrater og 30 % fra fedt.<\/p>\n<div class=\"px-1 pt-1 pb-0 small\">\n<div class=\"font-weight-bold\">Sammens\u00e6tning<\/div>\n<div>Fersk kylling (21%), kyllingemel (20%), hele r\u00f8de linser, hele gr\u00f8nne \u00e6rter, linsefibre, fersk kyllingeindmad (lever, hjerte) (5%), kalkunmel (5%), friske \u00e6g (4%), r\u00e5 kulmule (4%), hele kik\u00e6rter, hele gr\u00f8nne linser, hele gule \u00e6rter, \u00e6rtestivelse, sildemel (3%), kyllingefedt (1,5%), fiskeolie (1%), r\u00e5 kalkunlever (0,5%), salt, t\u00f8rret tang, frisk hel gr\u00e6skar, frisk hel butternutsquash, friske hele guler\u00f8dder, friske hele \u00e6bler, friske hele p\u00e6rer, frisk hel zucchini, t\u00f8rret cikorierod, frisk hel kalkunlever (0,5%).5%), salt, t\u00f8rret tang, friske hele gr\u00e6skar, friske hele butternutsquash, friske hele guler\u00f8dder, friske hele \u00e6bler, friske hele p\u00e6rer, friske hele zucchini, t\u00f8rret cikorierod, frisk gr\u00f8nk\u00e5l, frisk spinat, friske majroer, friske r\u00f8dbeder, hele traneb\u00e6r, hele bl\u00e5b\u00e6r, hele saskatoonb\u00e6r, gurkemeje, marietidsel, burrerod, lavendel, althearod, hyben.<\/p>\n<\/div>\n<\/div>\n<div class=\"px-1 pt-1 pb-0 small\">\n<div class=\"font-weight-bold\">Analytiske bestanddele<\/div>\n<div>R\u00e5protein 35 % Fedtindhold 11 % R\u00e5aske 7 % R\u00e5fiber 8 % Fugtighed 12 % Calcium 1,4 % Fosfor 1 % Omega-6 FA 2,2 % Omega-3 FA 0,4 % DHA\/EPA 0,1 % \/ 0,1 %.<\/p>\n<\/div>\n<\/div>\n<div class=\"px-1 pt-1 pb-0 small\">\n<div class=\"font-weight-bold\">Tils\u00e6tningsstoffer<\/div>\n<div>Teknologiske tils\u00e6tningsstoffer: 1b306(i) Tocopherolekstrakter fra vegetabilske olier: 121 mg, 1a330 citronsyre: 40 mg. Sensoriske tils\u00e6tningsstoffer: Rosmarinekstrakt: 80 mg. Ern\u00e6ringsm\u00e6ssige tils\u00e6tningsstoffer: 3a890 Cholinklorid (cholin): 700 mg, 3b612 (Zink: 112,5 mg), 3b407 (Kobber: 11 mg), 3a821 Vitamin B1: 100 mg, 3a825i Vitamin B2: 20 mg, 3a314 Niacin: 200 mg, 3a841 Calcium-D-pantothenat: 60 mg, 3a831 Vitamin B6: 35 mg, 3a316 Vitamin B9: 7 mg, 3a835 Vitamin B12: 0.2 mg, 3a672a Vitamin A: 7500 IU, 3a671 Vitamin D3: 1000 IU, 3a700 Vitamin E:475 IU, 3a300 Ascorbinsyre: 0,15 mg. Zootekniske tils\u00e6tningsstoffer: 4b1707 Enterococcus faecium DSM 10663\/NCIMB 10415: 1 x 109 CFU.<\/p>\n<\/div>\n<\/div>\n<div class=\"px-1 pt-1 pb-1 small\">\n<div class=\"font-weight-bold\">Energiindhold<\/div>\n<div>3070<\/div>\n<\/div>\n","protected":false},"excerpt":{"rendered":"<p>Din hund har brug for en kost, der er rig p\u00e5 animalsk protein, for at underst\u00f8tte muskelmasse og fremme en sund kropsv\u00e6gt. Hos ACANA\u2122 forst\u00e5r vi dette, da hver ingrediens betyder noget. ACANA\u2122\u00a0Light &amp; Fit\u00a0er fyldt med proteinrige animalske ingredienser, herunder fersk kylling, r\u00e5 kulmule og frugt og gr\u00f8ntsager, som din hund har brug for [&hellip;]<\/p>\n","protected":false},"featured_media":6180,"comment_status":"closed","ping_status":"closed","template":"","meta":[],"product_brand":[198],"product_cat":[259,17],"product_tag":[294,20,65,19],"class_list":{"0":"post-6178","1":"product","2":"type-product","3":"status-publish","4":"has-post-thumbnail","6":"product_brand-acana","7":"product_cat-acana","8":"product_cat-toerfoder","9":"product_tag-fedtfattig-hundefoder","10":"product_tag-hundefoder","11":"product_tag-kornfrit-toerfoder-til-hunde","12":"product_tag-toerfoder","13":"pa_kilo-291","14":"pa_kilo-271","15":"pa_kilo-290","17":"first","18":"instock","19":"taxable","20":"shipping-taxable","21":"purchasable","22":"product-type-variable"},"_links":{"self":[{"href":"https:\/\/barf-aalborg.dk\/index.php\/wp-json\/wp\/v2\/product\/6178","targetHints":{"allow":["GET"]}}],"collection":[{"href":"https:\/\/barf-aalborg.dk\/index.php\/wp-json\/wp\/v2\/product"}],"about":[{"href":"https:\/\/barf-aalborg.dk\/index.php\/wp-json\/wp\/v2\/types\/product"}],"replies":[{"embeddable":true,"href":"https:\/\/barf-aalborg.dk\/index.php\/wp-json\/wp\/v2\/comments?post=6178"}],"version-history":[{"count":1,"href":"https:\/\/barf-aalborg.dk\/index.php\/wp-json\/wp\/v2\/product\/6178\/revisions"}],"predecessor-version":[{"id":6184,"href":"https:\/\/barf-aalborg.dk\/index.php\/wp-json\/wp\/v2\/product\/6178\/revisions\/6184"}],"wp:featuredmedia":[{"embeddable":true,"href":"https:\/\/barf-aalborg.dk\/index.php\/wp-json\/wp\/v2\/media\/6180"}],"wp:attachment":[{"href":"https:\/\/barf-aalborg.dk\/index.php\/wp-json\/wp\/v2\/media?parent=6178"}],"wp:term":[{"taxonomy":"product_brand","embeddable":true,"href":"https:\/\/barf-aalborg.dk\/index.php\/wp-json\/wp\/v2\/product_brand?post=6178"},{"taxonomy":"product_cat","embeddable":true,"href":"https:\/\/barf-aalborg.dk\/index.php\/wp-json\/wp\/v2\/product_cat?post=6178"},{"taxonomy":"product_tag","embeddable":true,"href":"https:\/\/barf-aalborg.dk\/index.php\/wp-json\/wp\/v2\/product_tag?post=6178"}],"curies":[{"name":"wp","href":"https:\/\/api.w.org\/{rel}","templated":true}]}}