{"id":6136,"date":"2025-05-03T10:54:58","date_gmt":"2025-05-03T08:54:58","guid":{"rendered":"https:\/\/barf-aalborg.dk\/?post_type=product&#038;p=6136"},"modified":"2026-04-01T09:12:52","modified_gmt":"2026-04-01T07:12:52","slug":"acana-adult-large-breed","status":"publish","type":"product","link":"https:\/\/barf-aalborg.dk\/index.php\/vare\/acana-adult-large-breed\/","title":{"rendered":"Acana Adult Large Breed"},"content":{"rendered":"<p>P\u00e5 grund af deres st\u00f8rre kropsmasse kan hunde af store racer opleve ekstra stress p\u00e5 deres led. Hos ACANA\u2122 forst\u00e5r vi dette.<\/p>\n<p>ACANA\u2122\u00a0<strong>Adult Large Breed Dog<\/strong>\u00a0Recipe t\u00f8rfoder er lavet med proteinrige animalske ingredienser, herunder fersk kylling, r\u00e5 kulmule og frugt og gr\u00f8ntsager, som din hund har brug for til at forblive glad, sund og st\u00e6rk. Disse kibbles hj\u00e6lper med at fremme mager muskelmasse, minimerer stress p\u00e5 knogler og led samt underst\u00f8tter sund hud og pels. De indeholder kun kvalitetsingredienser og ingen korn, kunstige smagsstoffer, farver eller konserveringsmidler.<\/p>\n<ul>\n<li>H\u00f8jt indhold af protein &#8211;\u00a0 t\u00f8rfoder specielt tilpasset til behovene hos voksne hunde af store racer (over 25 kg)<\/li>\n<li>Fremstillet med 60% kvalitets animalske r\u00e5varer med fersk kylling som hovedingrediens, r\u00e5 kulmule og ingen korn<\/li>\n<li>Knogler og led, pels og ford\u00f8jelsessundhed underst\u00f8ttes af de animalske proteiner, fibre, en blanding af pr\u00e6- og probiotika og Omega-3- &amp; Omega-6-fedtsyrer<\/li>\n<li>Gr\u00f8nsager, frugt og urter er en del af foderet, herunder friske hele gr\u00e6skar, gr\u00f8nt, \u00e6bler og p\u00e6rer<\/li>\n<li>Ingen kunstige smagsstoffer, farver eller konserveringsmidler og ingen soja, majs, tapioka eller hvede er tilsat<\/li>\n<\/ul>\n<p>Metaboliserbar energi er 3375 kcal\/kg (405 kcal pr. 250 ml\/120 g kop), med 32% fra protein, 38% fra kulhydrater og 30% fra fedt<\/p>\n<div class=\"px-1 pt-1 pb-0 small\">\n<div class=\"font-weight-bold\">Sammens\u00e6tning<\/div>\n<div>Fersk kylling (13%), kyllingemel (13%), hele r\u00f8de linser, hele gr\u00f8nne \u00e6rter, hele kik\u00e6rter, ferske kyllingeindvolde (lever, hjerte) (6,5%), kalkunmel (6.5%), kyllingefedt (6%), friske \u00e6g (4%), r\u00e5 kulmule (4%), linsefibre, \u00e6rtestivelse, fiskeolie (3%), hele gr\u00f8nne linser, hele gule \u00e6rter, sildemel (3%), r\u00e5 kalkunlever (1%), salt, t\u00f8rret tang, friske hele \u00e6bler, friske hele butternutsquash, friske hele guler\u00f8dder, friske hele p\u00e6rer, friske hele gr\u00e6skar, friske hele squash, friske hele zucchini, friske hele guler\u00f8dder, friske hele p\u00e6rer, friske hele gr\u00e6skar, friske hele zucchini, t\u00f8rret cikorierod, friske r\u00f8dbeder, frisk gr\u00f8nk\u00e5l, frisk spinat, friske majroer, hele bl\u00e5b\u00e6r, hele traneb\u00e6r, hele saskatoonb\u00e6r, burrerod, lavendel, althearod, marietidsel, hyben, gurkemeje.<\/p>\n<\/div>\n<\/div>\n<div class=\"px-1 pt-1 pb-0 small\">\n<div class=\"font-weight-bold\">Analytiske bestanddele<\/div>\n<div>R\u00e5protein 29 % Fedtindhold 17 % R\u00e5aske 7 % R\u00e5fibre 5 % Fugtighed 12 % Calcium 1,3 % Fosfor 1 % Omega-6 FA 2,6 % Omega-3 FA 0,8 % DHA\/EPA 0,1 % \/ 0,1 %.<\/p>\n<\/div>\n<\/div>\n<div class=\"px-1 pt-1 pb-0 small\">\n<div class=\"font-weight-bold\">Tils\u00e6tningsstoffer<\/div>\n<div>Teknologiske tils\u00e6tningsstoffer: 1b306(i) Tocopherolekstrakter fra vegetabilske olier: 121 mg, 1a330 citronsyre: 40 mg. Sensoriske tils\u00e6tningsstoffer: Rosmarinekstrakt: 80 mg. Ern\u00e6ringsm\u00e6ssige tils\u00e6tningsstoffer: 3a890 Cholinklorid (cholin): 700 mg, 3b612 (Zink: 75 mg), 3b407 (Kobber: 11 mg), 3a821 Vitamin B1: 100 mg, 3a825i Vitamin B2: 20 mg, 3a314 Niacin: 200 mg, 3a841 Calcium-D-pantothenat: 60 mg, 3a831 Vitamin B6: 35 mg, 3a316 Folinsyre: 7 mg, 3a835 Vitamin B12: 0,2 mg, 3a672a Vitamin A: 5625 IU, 3a671 Vitamin D3: 750 IU, 3a700 Vitamin E: 450 IU, 3a300 Ascorbinsyre: 0,15 mg. Zootekniske tils\u00e6tningsstoffer: Zootekniske tils\u00e6tningsstoffer: 4b1707 Enterococcus faecium DSM 10663\/NCIMB 10415: 1 x 109 CFU.<\/p>\n<\/div>\n<\/div>\n<div class=\"px-1 pt-1 pb-1 small\">\n<div class=\"font-weight-bold\">Energiindhold<\/div>\n<div>3510<\/div>\n<\/div>\n<div><\/div>\n<div>V\u00e6gt 11,4kg<\/div>\n","protected":false},"excerpt":{"rendered":"<p>P\u00e5 grund af deres st\u00f8rre kropsmasse kan hunde af store racer opleve ekstra stress p\u00e5 deres led. Hos ACANA\u2122 forst\u00e5r vi dette. ACANA\u2122\u00a0Adult Large Breed Dog\u00a0Recipe t\u00f8rfoder er lavet med proteinrige animalske ingredienser, herunder fersk kylling, r\u00e5 kulmule og frugt og gr\u00f8ntsager, som din hund har brug for til at forblive glad, sund og st\u00e6rk. [&hellip;]<\/p>\n","protected":false},"featured_media":6137,"comment_status":"open","ping_status":"closed","template":"","meta":[],"product_brand":[198],"product_cat":[259,17],"product_tag":[20,65,19],"class_list":{"0":"post-6136","1":"product","2":"type-product","3":"status-publish","4":"has-post-thumbnail","6":"product_brand-acana","7":"product_cat-acana","8":"product_cat-toerfoder","9":"product_tag-hundefoder","10":"product_tag-kornfrit-toerfoder-til-hunde","11":"product_tag-toerfoder","13":"first","14":"instock","15":"taxable","16":"shipping-taxable","17":"purchasable","18":"product-type-simple"},"_links":{"self":[{"href":"https:\/\/barf-aalborg.dk\/index.php\/wp-json\/wp\/v2\/product\/6136","targetHints":{"allow":["GET"]}}],"collection":[{"href":"https:\/\/barf-aalborg.dk\/index.php\/wp-json\/wp\/v2\/product"}],"about":[{"href":"https:\/\/barf-aalborg.dk\/index.php\/wp-json\/wp\/v2\/types\/product"}],"replies":[{"embeddable":true,"href":"https:\/\/barf-aalborg.dk\/index.php\/wp-json\/wp\/v2\/comments?post=6136"}],"version-history":[{"count":1,"href":"https:\/\/barf-aalborg.dk\/index.php\/wp-json\/wp\/v2\/product\/6136\/revisions"}],"predecessor-version":[{"id":6138,"href":"https:\/\/barf-aalborg.dk\/index.php\/wp-json\/wp\/v2\/product\/6136\/revisions\/6138"}],"wp:featuredmedia":[{"embeddable":true,"href":"https:\/\/barf-aalborg.dk\/index.php\/wp-json\/wp\/v2\/media\/6137"}],"wp:attachment":[{"href":"https:\/\/barf-aalborg.dk\/index.php\/wp-json\/wp\/v2\/media?parent=6136"}],"wp:term":[{"taxonomy":"product_brand","embeddable":true,"href":"https:\/\/barf-aalborg.dk\/index.php\/wp-json\/wp\/v2\/product_brand?post=6136"},{"taxonomy":"product_cat","embeddable":true,"href":"https:\/\/barf-aalborg.dk\/index.php\/wp-json\/wp\/v2\/product_cat?post=6136"},{"taxonomy":"product_tag","embeddable":true,"href":"https:\/\/barf-aalborg.dk\/index.php\/wp-json\/wp\/v2\/product_tag?post=6136"}],"curies":[{"name":"wp","href":"https:\/\/api.w.org\/{rel}","templated":true}]}}