{"id":6097,"date":"2025-04-07T15:06:23","date_gmt":"2025-04-07T13:06:23","guid":{"rendered":"https:\/\/barf-aalborg.dk\/?post_type=product&#038;p=6097"},"modified":"2026-04-01T09:13:23","modified_gmt":"2026-04-01T07:13:23","slug":"acana-free-run-duck","status":"publish","type":"product","link":"https:\/\/barf-aalborg.dk\/index.php\/vare\/acana-free-run-duck\/","title":{"rendered":"Acana Free Run Duck"},"content":{"rendered":"<div class=\"description1\">\n<div class=\"Description_Productinfo\">\n<p>ACANA\u2122\u00a0<strong>Singles Free-Run Duck<\/strong>\u00a0t\u00f8rfoder er baseret p\u00e5 en enkelt k\u00f8dingrediens, ideelt til hunde med f\u00f8devareoverf\u00f8lsomhed. Fremstillet med 50% ferske andeingredienser af h\u00f8j kvalitet i<\/p>\n<p>WholePrey-forhold af k\u00f8d og organer, plus E-vitamin, zink og kobber &#8211; vores eneste kosttilskud. Suppleret med hele, l\u00e6kre Bartlett-p\u00e6rer og gr\u00e6skar for ford\u00f8jelsessundhed og havalger som kilde til DHA og EPA. Indeholder ngen korn eller kartofler. Denne kost giver din hund det protein og de n\u00e6ringsstoffer, den har brug for, for at forblive glad, sund og st\u00e6rk.<\/p>\n<ul>\n<li>Fyldt med protein &#8211; t\u00f8rfoder specielt tilpasset behovene hos hunde med foderoverf\u00f8lsomhed<\/li>\n<li>Fremstillet med 50% PREMIUM animalske r\u00e5varer med fersk and som hovedingrediens<\/li>\n<li>N\u00e6ringsstoffer med pr\u00e6biotika og fibre til at st\u00f8tte en sund ford\u00f8jelse og tilsat E-vitamin, zink og kobber til at st\u00f8tte immunforsvaret<\/li>\n<li>L\u00e6kre BARTLETT p\u00e6rer er blandt de frugter og gr\u00f8ntsager, som din hund vil elske<\/li>\n<li>Ingen korn eller kartofler og ingen gluten eller planteproteinkoncentrater er tilsat<\/li>\n<\/ul>\n<p>Metaboliserbar energi er 3393 kcal\/kg (407 kcal pr. 250 ml\/120 g kop) med kalorier fordelt til at underst\u00f8tte maksimal konditionering med 32% fra protein, 30% fra kulhydrater og 38% fra fedt.<\/p>\n<\/div>\n<div class=\"Description_Productinfo\"><\/div>\n<\/div>\n<div class=\"px-1 pt-1 pb-0 small\">\n<div class=\"font-weight-bold\">Sammens\u00e6tning<\/div>\n<div>\n<p>Fersk and (18%), andek\u00f8dsmel (17%), hele gr\u00f8nne \u00e6rter, hele r\u00f8de linser, fersk andeindmad (lever, hjerte, nyre) (7%), andefedt (6%), friske bartlettp\u00e6rer (4%), hele garbanzob\u00f8nner, hele gr\u00f8nne linser, hele gule \u00e6rter, t\u00f8rret andebrusk (2%), linsefibre, havalger (1,2%) (ren og b\u00e6redygtig kilde til DHA og EPA), frisk hel butternutsquash, frisk hel gr\u00e6skar, t\u00f8rret brun tang, fryset\u00f8rret andelever (0,1%), salt, frisk hel traneb\u00e6r (0,1%), frisk hel and (0,1%).2%) (ren og b\u00e6redygtig kilde til DHA og EPA), friske hele butternutsquash, friske hele gr\u00e6skar, t\u00f8rret brun tang, fryset\u00f8rret andelever (0,1%), salt, friske hele traneb\u00e6r, friske hele bl\u00e5b\u00e6r, cikorierod, gurkemejerod, marietidsel, burrerod, lavendel, althearod, hyben.<\/p>\n<\/div>\n<\/div>\n<div class=\"px-1 pt-1 pb-0 small\">\n<div class=\"font-weight-bold\">Analytiske bestanddele<\/div>\n<div>\n<p>R\u00e5protein 31 % Fedtindhold 15 % R\u00e5aske 7,5 % R\u00e5fibre 5 % Fugtighed 12 % Calcium 1,3 % Fosfor 0,9 % Omega-6 FA 2,2 % Omega-3 FA 0,8 % DHA \/ EPA 0,15 % \/ 0,1 %.<\/p>\n<\/div>\n<\/div>\n<div class=\"px-1 pt-1 pb-0 small\">\n<div class=\"font-weight-bold\">Tils\u00e6tningsstoffer<\/div>\n<div>Teknologiske tils\u00e6tningsstoffer: tocopherolrig ekstrakt af naturlig oprindelse. Ern\u00e6ringsm\u00e6ssige tils\u00e6tningsstoffer: E-vitamin: 100 IE, zinkchelat af aminosyrer hydrat: 100 mg, kobberchelat af aminosyrer hydrat: 10 mg. Zootekniske tils\u00e6tningsstoffer: Enterococcus faecium NCIMB10415: 600&#215;10^6 CFU.<\/div>\n<div><\/div>\n<div>\n<div class=\"font-weight-bold\">Energiindhold<\/div>\n<div>3393<\/div>\n<\/div>\n<\/div>\n","protected":false},"excerpt":{"rendered":"<p>ACANA\u2122\u00a0Singles Free-Run Duck\u00a0t\u00f8rfoder er baseret p\u00e5 en enkelt k\u00f8dingrediens, ideelt til hunde med f\u00f8devareoverf\u00f8lsomhed. Fremstillet med 50% ferske andeingredienser af h\u00f8j kvalitet i WholePrey-forhold af k\u00f8d og organer, plus E-vitamin, zink og kobber &#8211; vores eneste kosttilskud. Suppleret med hele, l\u00e6kre Bartlett-p\u00e6rer og gr\u00e6skar for ford\u00f8jelsessundhed og havalger som kilde til DHA og EPA. Indeholder [&hellip;]<\/p>\n","protected":false},"featured_media":6123,"comment_status":"closed","ping_status":"closed","template":"","meta":[],"product_brand":[198],"product_cat":[259,17],"product_tag":[20,65,19],"class_list":{"0":"post-6097","1":"product","2":"type-product","3":"status-publish","4":"has-post-thumbnail","6":"product_brand-acana","7":"product_cat-acana","8":"product_cat-toerfoder","9":"product_tag-hundefoder","10":"product_tag-kornfrit-toerfoder-til-hunde","11":"product_tag-toerfoder","12":"pa_kilo-291","13":"pa_kilo-271","14":"pa_kilo-290","16":"first","17":"instock","18":"taxable","19":"shipping-taxable","20":"purchasable","21":"product-type-variable"},"_links":{"self":[{"href":"https:\/\/barf-aalborg.dk\/index.php\/wp-json\/wp\/v2\/product\/6097","targetHints":{"allow":["GET"]}}],"collection":[{"href":"https:\/\/barf-aalborg.dk\/index.php\/wp-json\/wp\/v2\/product"}],"about":[{"href":"https:\/\/barf-aalborg.dk\/index.php\/wp-json\/wp\/v2\/types\/product"}],"replies":[{"embeddable":true,"href":"https:\/\/barf-aalborg.dk\/index.php\/wp-json\/wp\/v2\/comments?post=6097"}],"version-history":[{"count":2,"href":"https:\/\/barf-aalborg.dk\/index.php\/wp-json\/wp\/v2\/product\/6097\/revisions"}],"predecessor-version":[{"id":6102,"href":"https:\/\/barf-aalborg.dk\/index.php\/wp-json\/wp\/v2\/product\/6097\/revisions\/6102"}],"wp:featuredmedia":[{"embeddable":true,"href":"https:\/\/barf-aalborg.dk\/index.php\/wp-json\/wp\/v2\/media\/6123"}],"wp:attachment":[{"href":"https:\/\/barf-aalborg.dk\/index.php\/wp-json\/wp\/v2\/media?parent=6097"}],"wp:term":[{"taxonomy":"product_brand","embeddable":true,"href":"https:\/\/barf-aalborg.dk\/index.php\/wp-json\/wp\/v2\/product_brand?post=6097"},{"taxonomy":"product_cat","embeddable":true,"href":"https:\/\/barf-aalborg.dk\/index.php\/wp-json\/wp\/v2\/product_cat?post=6097"},{"taxonomy":"product_tag","embeddable":true,"href":"https:\/\/barf-aalborg.dk\/index.php\/wp-json\/wp\/v2\/product_tag?post=6097"}],"curies":[{"name":"wp","href":"https:\/\/api.w.org\/{rel}","templated":true}]}}