{"id":6087,"date":"2025-05-03T11:22:33","date_gmt":"2025-05-03T09:22:33","guid":{"rendered":"https:\/\/barf-aalborg.dk\/?post_type=product&#038;p=6087"},"modified":"2026-04-01T09:13:18","modified_gmt":"2026-04-01T07:13:18","slug":"belcando-gf-mastercraft-kalkun","status":"publish","type":"product","link":"https:\/\/barf-aalborg.dk\/index.php\/vare\/belcando-gf-mastercraft-kalkun\/","title":{"rendered":"Belcando GF Mastercraft Kalkun"},"content":{"rendered":"<p style=\"text-align: left;\"><strong>Mastercraft frisk kalkun<\/strong><\/p>\n<p>Der bruges kun frisk k\u00f8d til at lave\u00a0Belcando Mastercraft. Det indeholder ingen t\u00f8rret k\u00f8dmel, som findes i andre h\u00f8jkvalitets t\u00f8rfoder produkter.<\/p>\n<p>Dette har givet mulighed for at opn\u00e5 et produkt der tidligere ikke var muligt. Den meget blide Frisk K\u00f8ds Teknologi anvendes til at forarbejde det<\/p>\n<p>ferske k\u00f8d direkte ind i en foderpille.Dette kompenserer f\u00f8r-t\u00f8rringstrinet, og de anvendte ingredienser forbliver friske indtil sidste behandling.<\/p>\n<p>Dette er den eneste m\u00e5de, hvorp\u00e5 k\u00f8dets fulde smag kommer frem i t\u00f8rfoderet. Med ensartet protein og fedtindhold er det muligt at \u00e6ndre<\/p>\n<p>smagsvarianterne til enhver tid uden problemer.<\/p>\n<p>Jo friskere k\u00f8det er n\u00e5r det forarbejdes og jo mildere denne forarbejdning er, jo lavere er tabet i n\u00e6ringsstoffer, og dermed smager produktet til din hund bedre!<\/p>\n<ul>\n<li>80% frisk kalkun og kylling, der bruges ikke k\u00f8dmel.<\/li>\n<li>20% holistiske ingredienser.<\/li>\n<li>Ingen korn og kartofler.<\/li>\n<\/ul>\n<p>&nbsp;<\/p>\n<p>&nbsp;<\/p>\n<p style=\"text-align: left;\" align=\"center\"><strong>Sammens\u00e6tning:<\/strong><\/p>\n<p style=\"text-align: left;\" align=\"center\">Frisk fjerkr\u00e6 80% (50% kalkun, 30% kylling),\u00a0amaranth 5,5%, \u00e6rtemel,\u00a0ben mel (Vicia faba), t\u00f8rredej kik\u00e6rter, t\u00f8rret \u00f8lg\u00e6r (1%\u00a0kilde til beta-glucaner og mannan-oligosakkarider),<\/p>\n<p style=\"text-align: left;\" align=\"center\">formalet\u00a0havdyrsplankton (krill\u00a00,8%, t\u00f8rrede johannesbr\u00f8db\u00e6lge, t\u00f8rret\u00a0\u00e6blekvas, dicalcium fosfat,\u00a0chiafr\u00f8 0,4%, t\u00f8rrede gr\u00f8ntsager (total: 0,3%; guler\u00f8dder, pastinak, r\u00f8dbeder, porre),<\/p>\n<p style=\"text-align: left;\" align=\"center\">kulsur algekalk (kalkholdig havalger)(0,3%Lithothamnium calcareum),\u00a0hydrolyseret\u00a0fjerkr\u00e6lever, t\u00f8rrede alger (0,2% Chlorella vulgaris),\u00a0natriumchlorid,\u00a0traneb\u00e6r 0,06%), t\u00f8rrede vilde b\u00e6r<\/p>\n<p style=\"text-align: left;\" align=\"center\">(total: 0,06%; r\u00f8nneb\u00e6r, hyben, bl\u00e5b\u00e6r, hyldeb\u00e6r, korender), t\u00f8rrede urter (total: 0,06%; br\u00e6nden\u00e6ldeblade, ensianrod, tusindgylden urt, kamille, fennikel, kommen, mistelurt, r\u00f8llikeurt,<\/p>\n<p style=\"text-align: left;\" align=\"center\">bromb\u00e6rblade),\u00a0kaliumchlorid,\u00a0yuccaekstrakt,\u00a0oliven ekstrakt (0,003% Olea europaea)<\/p>\n<p style=\"text-align: left;\" align=\"center\"><strong>Analyse:\u00a0<\/strong><\/p>\n<p>Protein 27%,\u00a0fedtindhold 15%,\u00a0r\u00e5aske 6,5%,\u00a0r\u00e5fibre 3,3%,\u00a0vand 10%,\u00a0calcium 1,1%,\u00a0phosphor 0,9%,\u00a0natrium 0,3%<\/p>\n<p><strong>Tils\u00e6tningsstoffer pr. kg:<\/strong><\/p>\n<p>Ern\u00e6ringsfysiologiske tils\u00e6tningsstoffer: Vitamin A 13.000 IE; vitamin D3 1.300 IE; vitamin E 130 mg; kobber (som kobber(II)sulfat\u2014vand (1\/5)) 12,5 mg; jern (som jern(II)sulfat, monohydrat)<\/p>\n<p>200 mg; mangan (som mangan(II)oxid) 40 mg; zink (som zinkoxid)\u00a0125 mg; iod (som calciumiodat, vandfri) 2 mg; selen (som natriumselenit) 0,05 mg.<\/p>\n<p>Teknologiske tils\u00e6tningsstoffer: Tocopherolekstrakt fra vegetabilske olier (naturligt vitamin E) 48 mg.<\/p>\n<p><strong>Fodringsanbefaling:<\/strong><\/p>\n<table id=\"__mce\" style=\"height: 166px;\" width=\"215\" align=\"left\">\n<tbody>\n<tr>\n<td>V\u00e6gt*<\/td>\n<td>Normal<\/td>\n<td>Aktiv<\/td>\n<\/tr>\n<tr>\n<td>3 kg<\/td>\n<td>60 g<\/td>\n<td>70 g<\/td>\n<\/tr>\n<tr>\n<td>5 kg<\/td>\n<td>80 g<\/td>\n<td>100 g<\/td>\n<\/tr>\n<tr>\n<td>10 kg<\/td>\n<td>140 g<\/td>\n<td>160 g<\/td>\n<\/tr>\n<tr>\n<td>15 kg<\/td>\n<td>190 g<\/td>\n<td>220 g<\/td>\n<\/tr>\n<tr>\n<td>20 kg<\/td>\n<td>240 g<\/td>\n<td>275 g<\/td>\n<\/tr>\n<tr>\n<td>25 kg<\/td>\n<td>280 g<\/td>\n<td>325 g<\/td>\n<\/tr>\n<tr>\n<td>35 kg<\/td>\n<td>360 g<\/td>\n<td>420 g<\/td>\n<\/tr>\n<tr>\n<td>50\u00a0kg<\/td>\n<td>470 g<\/td>\n<td>550 g<\/td>\n<\/tr>\n<tr>\n<td>65\u00a0kg<\/td>\n<td>580 g<\/td>\n<td>665 g<\/td>\n<\/tr>\n<tr>\n<td>80\u00a0kg<\/td>\n<td>680 g<\/td>\n<td>780 g<\/td>\n<\/tr>\n<\/tbody>\n<\/table>\n<p>&nbsp;<\/p>\n<p style=\"text-align: left;\">Anbefalede foderm\u00e6ngder pr. dyr i g\/dag.<\/p>\n<p style=\"text-align: left;\">* V\u00e6gt, udvokset.<\/p>\n","protected":false},"excerpt":{"rendered":"<p>Mastercraft frisk kalkun Der bruges kun frisk k\u00f8d til at lave\u00a0Belcando Mastercraft. Det indeholder ingen t\u00f8rret k\u00f8dmel, som findes i andre h\u00f8jkvalitets t\u00f8rfoder produkter. Dette har givet mulighed for at opn\u00e5 et produkt der tidligere ikke var muligt. Den meget blide Frisk K\u00f8ds Teknologi anvendes til at forarbejde det ferske k\u00f8d direkte ind i en [&hellip;]<\/p>\n","protected":false},"featured_media":5691,"comment_status":"closed","ping_status":"closed","template":"","meta":[],"product_brand":[208],"product_cat":[260,17],"product_tag":[20,65,19],"class_list":{"0":"post-6087","1":"product","2":"type-product","3":"status-publish","4":"has-post-thumbnail","6":"product_brand-belcando","7":"product_cat-belcando","8":"product_cat-toerfoder","9":"product_tag-hundefoder","10":"product_tag-kornfrit-toerfoder-til-hunde","11":"product_tag-toerfoder","12":"pa_kilo-288","13":"pa_kilo-272","14":"pa_kilo-289","16":"first","17":"instock","18":"taxable","19":"shipping-taxable","20":"purchasable","21":"product-type-variable"},"_links":{"self":[{"href":"https:\/\/barf-aalborg.dk\/index.php\/wp-json\/wp\/v2\/product\/6087","targetHints":{"allow":["GET"]}}],"collection":[{"href":"https:\/\/barf-aalborg.dk\/index.php\/wp-json\/wp\/v2\/product"}],"about":[{"href":"https:\/\/barf-aalborg.dk\/index.php\/wp-json\/wp\/v2\/types\/product"}],"replies":[{"embeddable":true,"href":"https:\/\/barf-aalborg.dk\/index.php\/wp-json\/wp\/v2\/comments?post=6087"}],"version-history":[{"count":3,"href":"https:\/\/barf-aalborg.dk\/index.php\/wp-json\/wp\/v2\/product\/6087\/revisions"}],"predecessor-version":[{"id":6273,"href":"https:\/\/barf-aalborg.dk\/index.php\/wp-json\/wp\/v2\/product\/6087\/revisions\/6273"}],"wp:featuredmedia":[{"embeddable":true,"href":"https:\/\/barf-aalborg.dk\/index.php\/wp-json\/wp\/v2\/media\/5691"}],"wp:attachment":[{"href":"https:\/\/barf-aalborg.dk\/index.php\/wp-json\/wp\/v2\/media?parent=6087"}],"wp:term":[{"taxonomy":"product_brand","embeddable":true,"href":"https:\/\/barf-aalborg.dk\/index.php\/wp-json\/wp\/v2\/product_brand?post=6087"},{"taxonomy":"product_cat","embeddable":true,"href":"https:\/\/barf-aalborg.dk\/index.php\/wp-json\/wp\/v2\/product_cat?post=6087"},{"taxonomy":"product_tag","embeddable":true,"href":"https:\/\/barf-aalborg.dk\/index.php\/wp-json\/wp\/v2\/product_tag?post=6087"}],"curies":[{"name":"wp","href":"https:\/\/api.w.org\/{rel}","templated":true}]}}