{"id":6061,"date":"2025-05-03T11:28:04","date_gmt":"2025-05-03T09:28:04","guid":{"rendered":"https:\/\/barf-aalborg.dk\/?post_type=product&#038;p=6061"},"modified":"2025-05-05T15:30:25","modified_gmt":"2025-05-05T13:30:25","slug":"belcando-finest-laks","status":"publish","type":"product","link":"https:\/\/barf-aalborg.dk\/index.php\/vare\/belcando-finest-laks\/","title":{"rendered":"Belcando Finest Laks"},"content":{"rendered":"<p><strong>Belcando Adult GF Finest Laks<\/strong><\/p>\n<p>En s\u00e6rlig opskrift til s\u00e6rlige hunde. Da den eneste kilde til animalsk protein er fisk, er denne korn-fri opskrift ogs\u00e5 den ideelle l\u00f8sning til dyr med f\u00f8devareintolerance. Selv kr\u00e6sne dyr, kan godt lide denne opskrift, med sit h\u00f8je indhold af laks. Ren<\/p>\n<p>lakseolie og antarktiske krill, fra b\u00e6redygtigt fiskeri, indeholder Omega 3 fedtsyrer i en form, der let kan absorberes af kroppen.<\/p>\n<ul>\n<li>Til voksne hunde af lille og mellemstor race, som er f\u00f8lsomme over for korn og protein fra landdyr.<\/li>\n<\/ul>\n<p>&nbsp;<\/p>\n<p><b>Sammens\u00e6tning:<\/b><\/p>\n<p>Frisk laks (40%); Amaranth (16%); Kartoffelstivelse; \u00c6rtemel; Fiskemel fra havfisk; Laksemel;\u00a0formalet havdyrsplankton\u00a0(Krill, 5%);\u00a0t\u00f8rret \u00f8lg\u00e6r\u00a0(2,5%); Laksolie;\u00a0druekerner;\u00a0t\u00f8rrede johannesbr\u00f8db\u00e6lge;\u00a0hydrolyseret laks;\u00a0chiafr\u00f8;\u00a0t\u00f8rrede afsukrede<\/p>\n<p>roesnitter;\u00a0dicalciumfosfat; Solsikkeolie;\u00a0t\u00f8rrede urter\u00a0(i alt: 0,2%;\u00a0br\u00e6nden\u00e6ldeblade, ensianrod, tusindgyldenurt, kamille, fennikel, kommen, mistelurt, r\u00f8llikeurt, bromb\u00e6rblade); Kaliumchlorid; Natriumchlorid;\u00a0yuccaekstrakt.<\/p>\n<p><b>Analytiske bestanddele:<\/b><\/p>\n<p>Protein 25%,\u00a0fedtindhold 15%,\u00a0r\u00e5aske 7,3%,\u00a0r\u00e5fibre 3,6%,\u00a0vand 10%,\u00a0calcium 1,2%,\u00a0phosphor 0,9%,\u00a0natrium 0,35%<b><\/b><\/p>\n<p><b>Tils\u00e6tningsstoffer pr. kg:<\/b><\/p>\n<p>Ern\u00e6ringsfysiologiske tils\u00e6tningsstoffer: A-vitamin 15.000 IE; D3-vitamin 1.500 IE; E-vitamin 150 mg; Taurin 500 mg; Kobber (som kobber (II) sulfat, pentahydrat) 12,5 mg; Jern (som jern (II) sulfat, monohydrat) 200 mg; Mangan (som mangan (II) oxid) 40<\/p>\n<p>mg; Zink (som zincoxid) 125 mg; Jod (som calciumiodat, vandfrit) 2,0 mg; Selen (som natriumselenit) 0,05 mg.<\/p>\n<p>Teknologiske tils\u00e6tningsstoffer: Tocopherolekstrakter fra vegetabilske olier (= naturligt E-vitamin) 48 mg.<\/p>\n<p>&nbsp;<\/p>\n<p><b>Fodringsanbefaling:<\/b><\/p>\n<table>\n<tbody>\n<tr>\n<td valign=\"top\" width=\"83\"><\/td>\n<td valign=\"top\" width=\"93\">Normal<\/td>\n<td valign=\"top\" width=\"93\">Aktiv<\/td>\n<\/tr>\n<tr>\n<td valign=\"top\" width=\"83\">3-5 kg*<\/td>\n<td valign=\"top\" width=\"93\">60-80 g<\/td>\n<td valign=\"top\" width=\"93\">70-100 g<\/td>\n<\/tr>\n<tr>\n<td valign=\"top\" width=\"83\">5-15\u00a0kg*<\/td>\n<td valign=\"top\" width=\"93\">80-190 g<\/td>\n<td valign=\"top\" width=\"93\">100-220 g<\/td>\n<\/tr>\n<tr>\n<td valign=\"top\" width=\"83\">15-25 kg*<\/td>\n<td valign=\"top\" width=\"93\">190-280 g<\/td>\n<td valign=\"top\" width=\"93\">220-330 g<\/td>\n<\/tr>\n<\/tbody>\n<\/table>\n<p><strong>Anbefalede foderm\u00e6ngder pr. dyr i g\/dag<\/strong><\/p>\n<p>*V\u00e6gt, udvokset.<\/p>\n","protected":false},"excerpt":{"rendered":"<p>Belcando Adult GF Finest Laks En s\u00e6rlig opskrift til s\u00e6rlige hunde. Da den eneste kilde til animalsk protein er fisk, er denne korn-fri opskrift ogs\u00e5 den ideelle l\u00f8sning til dyr med f\u00f8devareintolerance. Selv kr\u00e6sne dyr, kan godt lide denne opskrift, med sit h\u00f8je indhold af laks. Ren lakseolie og antarktiske krill, fra b\u00e6redygtigt fiskeri, indeholder [&hellip;]<\/p>\n","protected":false},"featured_media":6054,"comment_status":"open","ping_status":"closed","template":"","meta":[],"product_brand":[208],"product_cat":[260,17],"product_tag":[20,65,19],"class_list":{"0":"post-6061","1":"product","2":"type-product","3":"status-publish","4":"has-post-thumbnail","6":"product_brand-belcando","7":"product_cat-belcando","8":"product_cat-toerfoder","9":"product_tag-hundefoder","10":"product_tag-kornfrit-toerfoder-til-hunde","11":"product_tag-toerfoder","12":"pa_kilo-285","13":"pa_kilo-287","14":"pa_kilo-286","16":"first","17":"instock","18":"taxable","19":"shipping-taxable","20":"purchasable","21":"product-type-variable"},"_links":{"self":[{"href":"https:\/\/barf-aalborg.dk\/index.php\/wp-json\/wp\/v2\/product\/6061","targetHints":{"allow":["GET"]}}],"collection":[{"href":"https:\/\/barf-aalborg.dk\/index.php\/wp-json\/wp\/v2\/product"}],"about":[{"href":"https:\/\/barf-aalborg.dk\/index.php\/wp-json\/wp\/v2\/types\/product"}],"replies":[{"embeddable":true,"href":"https:\/\/barf-aalborg.dk\/index.php\/wp-json\/wp\/v2\/comments?post=6061"}],"version-history":[{"count":1,"href":"https:\/\/barf-aalborg.dk\/index.php\/wp-json\/wp\/v2\/product\/6061\/revisions"}],"predecessor-version":[{"id":6065,"href":"https:\/\/barf-aalborg.dk\/index.php\/wp-json\/wp\/v2\/product\/6061\/revisions\/6065"}],"wp:featuredmedia":[{"embeddable":true,"href":"https:\/\/barf-aalborg.dk\/index.php\/wp-json\/wp\/v2\/media\/6054"}],"wp:attachment":[{"href":"https:\/\/barf-aalborg.dk\/index.php\/wp-json\/wp\/v2\/media?parent=6061"}],"wp:term":[{"taxonomy":"product_brand","embeddable":true,"href":"https:\/\/barf-aalborg.dk\/index.php\/wp-json\/wp\/v2\/product_brand?post=6061"},{"taxonomy":"product_cat","embeddable":true,"href":"https:\/\/barf-aalborg.dk\/index.php\/wp-json\/wp\/v2\/product_cat?post=6061"},{"taxonomy":"product_tag","embeddable":true,"href":"https:\/\/barf-aalborg.dk\/index.php\/wp-json\/wp\/v2\/product_tag?post=6061"}],"curies":[{"name":"wp","href":"https:\/\/api.w.org\/{rel}","templated":true}]}}