{"id":6006,"date":"2025-04-05T14:05:52","date_gmt":"2025-04-05T12:05:52","guid":{"rendered":"https:\/\/barf-aalborg.dk\/?post_type=product&#038;p=6006"},"modified":"2026-04-01T10:55:09","modified_gmt":"2026-04-01T08:55:09","slug":"optima-nova-puppy-kanin-gf","status":"publish","type":"product","link":"https:\/\/barf-aalborg.dk\/index.php\/vare\/optima-nova-puppy-kanin-gf\/","title":{"rendered":"Optima Nova Puppy Kanin GF"},"content":{"rendered":"<p style=\"font-weight: 400;\"><b><strong>Puppy Digestive med kanin &amp; kartoffel\u00a0\u00a0<\/strong><\/b><\/p>\n<p style=\"font-weight: 400;\">Fuldfoder til hvalpe af alle racer som fremmer ford\u00f8jelsen fra 2 til 15 m\u00e5neder.<\/p>\n<ul style=\"font-weight: 400;\">\n<li><b><strong>H\u00f8j ford\u00f8jelelsesevne:<\/strong><\/b>\u00a0N\u00e6ringsstofferne giver maksimal optagelse af foderet, da de fleste af n\u00e6ringsstofferne er med til at stimulere tarmens sundhed.<\/li>\n<li><b><strong>Immunt styreprogram:<\/strong><\/b>\u00a0Systemet anticarcinogen beskyttelse bidrager til udviklingen af nervesystemet. Styrker immunforsvaret og hjerte-kar-systemet.<\/li>\n<li><b><strong>H\u00f8j appetitlighed:<\/strong><\/b>\u00a0Den h\u00f8je kvalitet og friskhed af ingredienserne sammen med en fremragende kombination af olier og kanink\u00f8d g\u00f8r vores foder meget appetitv\u00e6kkende og stimulerer fort\u00e6ringen.<\/li>\n<li><b><strong>Mave beskyttelse:<\/strong><\/b>\u00a0Den s\u00e6rlige kombination af ingredienser resulterer i en hurtig nedbrydning af maden med minimale slidtage af maven.<\/li>\n<li><b><strong>Prebiotisk Effekt:<\/strong><\/b>\u00a0Den specielle mix af ingredienserne med pr\u00e6-biotiske handling (FOS-MOS, resistent stivelse) stimulerer ford\u00f8jelsessystemets bakterie flora der forbedrer tarmens sundhed (bifidus effekt).<\/li>\n<\/ul>\n<p style=\"font-weight: 400;\"><b><strong>Sammens\u00e6tning:<\/strong><\/b><\/p>\n<p style=\"font-weight: 400;\">Frisk kanin (40%). Dehydreret Kanin (25%). Dehydreret kartoffel (20%). Olie. kanin hydrolyseret (5%). Kartoffelprotein. G\u00e6r (2%). Roemasse. Fiskeolie (0,5%).\u00a0Monocalcium fosfat. Natriumchlorid. Kaliumchlorid. Inulin (FOS 1.000 mg\/kg). Ingef\u00e6r (1,000 mg\/kg). Mannan-oligosaccharider (260 mg\/kg). Yucca ekstrakt.<\/p>\n<p style=\"font-weight: 400;\"><b><strong>Analytiske bestanddele:<\/strong><\/b><\/p>\n<p style=\"font-weight: 400;\">R\u00e5protein 29%, R\u00e5olie og fedt 22%, EPA + DHA 530 mg\/kg,\u00a0R\u00e5fibre 2,5%, R\u00e5aske 7,5%, calcium 1,25%, Fosfor 1,05%<\/p>\n<p style=\"font-weight: 400;\"><b><strong>Tils\u00e6tningsstoffer:<\/strong><\/b><\/p>\n<p style=\"font-weight: 400;\">vitamin A 20.000 IE\/kg. D3-vitamin 2.000 UI\/kg. Vitamin E 425 mg\/kg. Vitamin C 125 mg\/kg. Jern (ferrosulfat monohydrat) 68 mg\/kg. Jod (Kaliumiodid) 3,2 mg\/kg. Kobber (cuprisulfat, pentahydrat) 9 mg\/kg. Mangan (Mangan sulfat, monohydrat) 6,8 mg\/kg. Zinkoxid 135 mg\/kg. Selen (natriumselenit) 0,1 mg\/kg. Taurin 30 mg\/kg.<\/p>\n<p style=\"font-weight: 400;\"><b><strong>Teknologisk:<\/strong><\/b><\/p>\n<p style=\"font-weight: 400;\">Antioxidantes naturales (Tocoferoles).<\/p>\n<p style=\"font-weight: 400;\"><b><strong>Foderanbefaling:<\/strong><\/b><\/p>\n<table style=\"font-weight: 400;\">\n<tbody>\n<tr>\n<td width=\"54\">Hundens v\u00e6gt<\/td>\n<td width=\"54\">2 m\u00e5neder<\/td>\n<td width=\"54\">3 m\u00e5neder<\/td>\n<td width=\"54\">4 m\u00e5neder<\/td>\n<td width=\"54\">5 m\u00e5neder<\/td>\n<td width=\"54\">6 m\u00e5neder<\/td>\n<td width=\"54\">7 m\u00e5neder<\/td>\n<td width=\"54\">8 m\u00e5neder<\/td>\n<td width=\"54\">9 m\u00e5neder<\/td>\n<td width=\"54\">10 m\u00e5neder<\/td>\n<td width=\"54\">11 m\u00e5neder<\/td>\n<td width=\"54\">12 m\u00e5neder<\/td>\n<\/tr>\n<tr>\n<td width=\"54\">0,5 kg<\/td>\n<td width=\"54\">43 g<\/td>\n<td width=\"54\">37 g<\/td>\n<td width=\"54\">32 g<\/td>\n<td width=\"54\">29 g<\/td>\n<td width=\"54\">26 g<\/td>\n<td width=\"54\">24 g<\/td>\n<td width=\"54\">23 g<\/td>\n<td width=\"54\">22 g<\/td>\n<td width=\"54\">&#8211;<\/td>\n<td width=\"54\">&#8211;<\/td>\n<td width=\"54\">&#8211;<\/td>\n<\/tr>\n<tr>\n<td width=\"54\">1 kg<\/td>\n<td width=\"54\">73 g<\/td>\n<td width=\"54\">63 g<\/td>\n<td width=\"54\">54 g<\/td>\n<td width=\"54\">49 g<\/td>\n<td width=\"54\">44 g<\/td>\n<td width=\"54\">42 g<\/td>\n<td width=\"54\">39 g<\/td>\n<td width=\"54\">37 g<\/td>\n<td width=\"54\">&#8211;<\/td>\n<td width=\"54\">&#8211;<\/td>\n<td width=\"54\">&#8211;<\/td>\n<\/tr>\n<tr>\n<td width=\"54\">2 kg<\/td>\n<td width=\"54\">122 g<\/td>\n<td width=\"54\">105 g<\/td>\n<td width=\"54\">90 g<\/td>\n<td width=\"54\">83 g<\/td>\n<td width=\"54\">75 g<\/td>\n<td width=\"54\">71 g<\/td>\n<td width=\"54\">66 g<\/td>\n<td width=\"54\">62 g<\/td>\n<td width=\"54\">&#8211;<\/td>\n<td width=\"54\">&#8211;<\/td>\n<td width=\"54\">&#8211;<\/td>\n<\/tr>\n<tr>\n<td width=\"54\">4 kg<\/td>\n<td width=\"54\">206 g<\/td>\n<td width=\"54\">177 g<\/td>\n<td width=\"54\">152 g<\/td>\n<td width=\"54\">139 g<\/td>\n<td width=\"54\">126 g<\/td>\n<td width=\"54\">119 g<\/td>\n<td width=\"54\">111 g<\/td>\n<td width=\"54\">104 g<\/td>\n<td width=\"54\">&#8211;<\/td>\n<td width=\"54\">&#8211;<\/td>\n<td width=\"54\">&#8211;<\/td>\n<\/tr>\n<tr>\n<td width=\"54\">7 kg<\/td>\n<td width=\"54\">&#8211;<\/td>\n<td width=\"54\">270 g<\/td>\n<td width=\"54\">231 g<\/td>\n<td width=\"54\">211 g<\/td>\n<td width=\"54\">191 g<\/td>\n<td width=\"54\">180 g<\/td>\n<td width=\"54\">169 g<\/td>\n<td width=\"54\">158 g<\/td>\n<td width=\"54\">146 g<\/td>\n<td width=\"54\">135 g<\/td>\n<td width=\"54\">124 g<\/td>\n<\/tr>\n<tr>\n<td width=\"54\">10 kg<\/td>\n<td width=\"54\">&#8211;<\/td>\n<td width=\"54\">&#8211;<\/td>\n<td width=\"54\">&#8211;<\/td>\n<td width=\"54\">276 g<\/td>\n<td width=\"54\">250 g<\/td>\n<td width=\"54\">235 g<\/td>\n<td width=\"54\">221 g<\/td>\n<td width=\"54\">206 g<\/td>\n<td width=\"54\">191 g<\/td>\n<td width=\"54\">177 g<\/td>\n<td width=\"54\">162 g<\/td>\n<\/tr>\n<tr>\n<td width=\"54\">15 kg<\/td>\n<td width=\"54\">&#8211;<\/td>\n<td width=\"54\">&#8211;<\/td>\n<td width=\"54\">&#8211;<\/td>\n<td width=\"54\">&#8211;<\/td>\n<td width=\"54\">&#8211;<\/td>\n<td width=\"54\">319 g<\/td>\n<td width=\"54\">299 g<\/td>\n<td width=\"54\">279 g<\/td>\n<td width=\"54\">259 g<\/td>\n<td width=\"54\">239 g<\/td>\n<td width=\"54\">219 g<\/td>\n<\/tr>\n<tr>\n<td width=\"54\">20 kg<\/td>\n<td width=\"54\">&#8211;<\/td>\n<td width=\"54\">&#8211;<\/td>\n<td width=\"54\">&#8211;<\/td>\n<td width=\"54\">&#8211;<\/td>\n<td width=\"54\">&#8211;<\/td>\n<td width=\"54\">&#8211;<\/td>\n<td width=\"54\">371 g<\/td>\n<td width=\"54\">347 g<\/td>\n<td width=\"54\">322 g<\/td>\n<td width=\"54\">297 g<\/td>\n<td width=\"54\">272 g<\/td>\n<\/tr>\n<tr>\n<td width=\"54\">25 kg<\/td>\n<td width=\"54\">&#8211;<\/td>\n<td width=\"54\">&#8211;<\/td>\n<td width=\"54\">&#8211;<\/td>\n<td width=\"54\">&#8211;<\/td>\n<td width=\"54\">&#8211;<\/td>\n<td width=\"54\">&#8211;<\/td>\n<td width=\"54\">&#8211;<\/td>\n<td width=\"54\">409 g<\/td>\n<td width=\"54\">380 g<\/td>\n<td width=\"54\">350 g<\/td>\n<td width=\"54\">321 g<\/td>\n<\/tr>\n<tr>\n<td width=\"54\">30 kg<\/td>\n<td width=\"54\">&#8211;<\/td>\n<td width=\"54\">&#8211;<\/td>\n<td width=\"54\">&#8211;<\/td>\n<td width=\"54\">&#8211;<\/td>\n<td width=\"54\">&#8211;<\/td>\n<td width=\"54\">&#8211;<\/td>\n<td width=\"54\">&#8211;<\/td>\n<td width=\"54\">&#8211;<\/td>\n<td width=\"54\">435 g<\/td>\n<td width=\"54\">402 g<\/td>\n<td width=\"54\">368 g<\/td>\n<\/tr>\n<tr>\n<td width=\"54\">35 kg<\/td>\n<td width=\"54\">&#8211;<\/td>\n<td width=\"54\">&#8211;<\/td>\n<td width=\"54\">&#8211;<\/td>\n<td width=\"54\">&#8211;<\/td>\n<td width=\"54\">&#8211;<\/td>\n<td width=\"54\">&#8211;<\/td>\n<td width=\"54\">&#8211;<\/td>\n<td width=\"54\">&#8211;<\/td>\n<td width=\"54\">&#8211;<\/td>\n<td width=\"54\">452 g<\/td>\n<td width=\"54\">414 g<\/td>\n<\/tr>\n<\/tbody>\n<\/table>\n","protected":false},"excerpt":{"rendered":"<p>Puppy Digestive med kanin &amp; kartoffel\u00a0\u00a0 Fuldfoder til hvalpe af alle racer som fremmer ford\u00f8jelsen fra 2 til 15 m\u00e5neder. H\u00f8j ford\u00f8jelelsesevne:\u00a0N\u00e6ringsstofferne giver maksimal optagelse af foderet, da de fleste af n\u00e6ringsstofferne er med til at stimulere tarmens sundhed. Immunt styreprogram:\u00a0Systemet anticarcinogen beskyttelse bidrager til udviklingen af nervesystemet. Styrker immunforsvaret og hjerte-kar-systemet. H\u00f8j appetitlighed:\u00a0Den h\u00f8je [&hellip;]<\/p>\n","protected":false},"featured_media":5921,"comment_status":"closed","ping_status":"closed","template":"","meta":[],"product_brand":[18],"product_cat":[258,17],"product_tag":[284,65],"class_list":{"0":"post-6006","1":"product","2":"type-product","3":"status-publish","4":"has-post-thumbnail","6":"product_brand-optimanova","7":"product_cat-optimanova","8":"product_cat-toerfoder","9":"product_tag-hvalpefoder","10":"product_tag-kornfrit-toerfoder-til-hunde","11":"pa_kilo-283","12":"pa_kilo-271","14":"first","15":"instock","16":"taxable","17":"shipping-taxable","18":"purchasable","19":"product-type-variable"},"_links":{"self":[{"href":"https:\/\/barf-aalborg.dk\/index.php\/wp-json\/wp\/v2\/product\/6006","targetHints":{"allow":["GET"]}}],"collection":[{"href":"https:\/\/barf-aalborg.dk\/index.php\/wp-json\/wp\/v2\/product"}],"about":[{"href":"https:\/\/barf-aalborg.dk\/index.php\/wp-json\/wp\/v2\/types\/product"}],"replies":[{"embeddable":true,"href":"https:\/\/barf-aalborg.dk\/index.php\/wp-json\/wp\/v2\/comments?post=6006"}],"version-history":[{"count":1,"href":"https:\/\/barf-aalborg.dk\/index.php\/wp-json\/wp\/v2\/product\/6006\/revisions"}],"predecessor-version":[{"id":6009,"href":"https:\/\/barf-aalborg.dk\/index.php\/wp-json\/wp\/v2\/product\/6006\/revisions\/6009"}],"wp:featuredmedia":[{"embeddable":true,"href":"https:\/\/barf-aalborg.dk\/index.php\/wp-json\/wp\/v2\/media\/5921"}],"wp:attachment":[{"href":"https:\/\/barf-aalborg.dk\/index.php\/wp-json\/wp\/v2\/media?parent=6006"}],"wp:term":[{"taxonomy":"product_brand","embeddable":true,"href":"https:\/\/barf-aalborg.dk\/index.php\/wp-json\/wp\/v2\/product_brand?post=6006"},{"taxonomy":"product_cat","embeddable":true,"href":"https:\/\/barf-aalborg.dk\/index.php\/wp-json\/wp\/v2\/product_cat?post=6006"},{"taxonomy":"product_tag","embeddable":true,"href":"https:\/\/barf-aalborg.dk\/index.php\/wp-json\/wp\/v2\/product_tag?post=6006"}],"curies":[{"name":"wp","href":"https:\/\/api.w.org\/{rel}","templated":true}]}}