{"id":5929,"date":"2025-04-13T08:03:22","date_gmt":"2025-04-13T06:03:22","guid":{"rendered":"https:\/\/barf-aalborg.dk\/?post_type=product&#038;p=5929"},"modified":"2026-04-01T09:13:26","modified_gmt":"2026-04-01T07:13:26","slug":"eden-semimost-salmon-quail","status":"publish","type":"product","link":"https:\/\/barf-aalborg.dk\/index.php\/vare\/eden-semimost-salmon-quail\/","title":{"rendered":"Eden Semimost Salmon &#038; Quail"},"content":{"rendered":"<p>Eden Wild Salmon &amp; Quail er frisk tilberedt semi-moist foder m. 60% Laks og Vagtel med gr\u00f8nsager, mineraler og vitaminer.<br \/>\nTil voksne hunde af alle racer<\/p>\n<ul>\n<li>Bl\u00f8d og l\u00e6kker foderpille<\/li>\n<li>Laks og vagtel<\/li>\n<li>Fri for kunstige farver og smag<\/li>\n<li>Eden er udviklet uden korn, ris, fr\u00f8, hvide kartofler eller roemasse.\u200b<\/li>\n<li>Tilsat yderligere urter, organiske vitaminer og mineraler, der underst\u00f8tter kroppens naturlige balance<\/li>\n<\/ul>\n<p class=\"font_7\">Sammens\u00e6tning:<br \/>\n26% laks (t\u00f8rret), 21% vagtler (frosne), vegetabilsk glycerin, s\u00f8de kartofler, 6% svinek\u00f8dsfedt, 5% vildt (frosset), lucerne, 2% svinelever (frosset), tapioka, kik\u00e6rter, gr\u00e6skar, \u00e6ble, bromb\u00e6r, selleri, cikorie, 0,03% glucosamin, 0,033% methylsulfonylmethan (MSM), 0,02% chondroitinsulfat<\/p>\n<p class=\"font_7\">\u200bAnalyse:<br \/>\nR\u00e5protein 24%, r\u00e5fedt 14%, fugt 18%, r\u00e5fibre 2%, r\u00e5aske 9,9%, omega 6 1,2%, omega 3 0,9%, calcium 1,7%, fosfor 1,0%<\/p>\n<p class=\"font_7\">\u200bErn\u00e6ringsm\u00e6ssige tils\u00e6tningsstoffer:<br \/>\nVitaminer: Vitamin A 18000 IE, Vitamin D3 1800 IE, Vitamin E 150mg, Taurin 1000mg<\/p>\n<p class=\"font_7\"><strong>Oms\u00e6ttelig energi<\/strong>: 330 kCal\/100g<br \/>\n<strong>Samlet dyreindhold<\/strong>: 60%<\/p>\n","protected":false},"excerpt":{"rendered":"<p>Eden Wild Salmon &amp; Quail er frisk tilberedt semi-moist foder m. 60% Laks og Vagtel med gr\u00f8nsager, mineraler og vitaminer. Til voksne hunde af alle racer Bl\u00f8d og l\u00e6kker foderpille Laks og vagtel Fri for kunstige farver og smag Eden er udviklet uden korn, ris, fr\u00f8, hvide kartofler eller roemasse.\u200b Tilsat yderligere urter, organiske vitaminer [&hellip;]<\/p>\n","protected":false},"featured_media":5932,"comment_status":"closed","ping_status":"closed","template":"","meta":[],"product_brand":[273],"product_cat":[263,17],"product_tag":[65,274,19],"class_list":{"0":"post-5929","1":"product","2":"type-product","3":"status-publish","4":"has-post-thumbnail","6":"product_brand-eden","7":"product_cat-eden","8":"product_cat-toerfoder","9":"product_tag-kornfrit-toerfoder-til-hunde","10":"product_tag-semimost","11":"product_tag-toerfoder","12":"pa_kilo-272","13":"pa_kilo-271","15":"first","16":"instock","17":"taxable","18":"shipping-taxable","19":"purchasable","20":"product-type-variable"},"_links":{"self":[{"href":"https:\/\/barf-aalborg.dk\/index.php\/wp-json\/wp\/v2\/product\/5929","targetHints":{"allow":["GET"]}}],"collection":[{"href":"https:\/\/barf-aalborg.dk\/index.php\/wp-json\/wp\/v2\/product"}],"about":[{"href":"https:\/\/barf-aalborg.dk\/index.php\/wp-json\/wp\/v2\/types\/product"}],"replies":[{"embeddable":true,"href":"https:\/\/barf-aalborg.dk\/index.php\/wp-json\/wp\/v2\/comments?post=5929"}],"version-history":[{"count":1,"href":"https:\/\/barf-aalborg.dk\/index.php\/wp-json\/wp\/v2\/product\/5929\/revisions"}],"predecessor-version":[{"id":6052,"href":"https:\/\/barf-aalborg.dk\/index.php\/wp-json\/wp\/v2\/product\/5929\/revisions\/6052"}],"wp:featuredmedia":[{"embeddable":true,"href":"https:\/\/barf-aalborg.dk\/index.php\/wp-json\/wp\/v2\/media\/5932"}],"wp:attachment":[{"href":"https:\/\/barf-aalborg.dk\/index.php\/wp-json\/wp\/v2\/media?parent=5929"}],"wp:term":[{"taxonomy":"product_brand","embeddable":true,"href":"https:\/\/barf-aalborg.dk\/index.php\/wp-json\/wp\/v2\/product_brand?post=5929"},{"taxonomy":"product_cat","embeddable":true,"href":"https:\/\/barf-aalborg.dk\/index.php\/wp-json\/wp\/v2\/product_cat?post=5929"},{"taxonomy":"product_tag","embeddable":true,"href":"https:\/\/barf-aalborg.dk\/index.php\/wp-json\/wp\/v2\/product_tag?post=5929"}],"curies":[{"name":"wp","href":"https:\/\/api.w.org\/{rel}","templated":true}]}}