{"id":131,"date":"2025-03-10T19:57:39","date_gmt":"2025-03-10T18:57:39","guid":{"rendered":"https:\/\/barf-aalborg.dk\/?post_type=product&#038;p=131"},"modified":"2026-04-01T10:55:08","modified_gmt":"2026-04-01T08:55:08","slug":"optimanova-kanin-kopier-3","status":"publish","type":"product","link":"https:\/\/barf-aalborg.dk\/index.php\/vare\/optimanova-kanin-kopier-3\/","title":{"rendered":"Optima Nova Laks"},"content":{"rendered":"<p><b>Adult Sensitive med laks &amp; kartoffel<\/b><\/p>\n<p>Fuldfoder til voksne hunde af alle racer som fremmer en bedre pels og hud fra 10 m\u00e5neder.<\/p>\n<p><b>Tarm beskyttelse:<\/b>\u00a0Den beskyttende virkning af L-glutamin p\u00e5 cellerne i tarmslimet kombineret med stimulerende virkning for\u00e5rsaget af produktionen af ford\u00f8jelsesenzymer fra ingef\u00e6r, i h\u00f8j grad letter ford\u00f8jelsen af \u200b\u200bn\u00e6ringsstofferne.<\/p>\n<p><b>Immunt styreprogram:<\/b>\u00a0Systemet anticarcinogen beskyttelse bidrager til udviklingen af nervesystemet. Styrker immunforsvaret og hjerte-kar-systemet.<\/p>\n<p><b>Mave beskyttelse:<\/b>\u00a0Den s\u00e6rlige kombination af ingredienser resulterer i en hurtig nedbrydning af maden med minimalt slidtage af maven.<\/p>\n<p><b>Ford\u00f8jelsessystemet:\u00a0:<\/b>\u00a0Den pr\u00e6biotiske effekt af FOS stimulerer bakteriefloraen som er gavnlige for ford\u00f8jelsessystemet (bifidus effekt), mens MOS fjerner de skadelige flora og dermed forbedre ford\u00f8jelsessystemet sundhed.<\/p>\n<p><b>HUD &amp; Pels:<\/b>\u00a0 Zink indholdet er et\u00a0hj\u00e6lpemiddel for hud regenerering,\u00a0sikrer, at huden er sund og kraftig. Fedtstofferne n\u00e6rer huden og s\u00f8rger for en sund og blank pels.<\/p>\n<p><b>SAMMENS\u00c6TNING:<\/b>\u00a0Frisk Laks (40%), dehydreret laks\u00a0(25%), Dehydreret kartoffel (20%). Kartoffelprotein, olie, laks hydrolysat (5%), g\u00e6r, Roemasse., Natriumchlorid, natriumpolyfosfat (0,3%) Kaliumchlorid., Inulin (FOS 1.000 mg \/ kg). Ingef\u00e6r (1000 mg \/ kg). Mannan-oligosaccharider (260 mg \/ kg). Yucca ekstrakt.<\/p>\n<p>Analytiske bestanddele: R\u00e5protein 27,00%, r\u00e5olie og fedtstoffer 16,00% EPA + DHA 2.550 mg \/ kg, R\u00e5fibre 2,75%, R\u00e5aske 7,50%, calcium 1,10%, Fosfor 0, 85%<\/p>\n<p>Tils\u00e6tningsstoffer: vitamin A 18.000 IE \/ kg. D3-vitamin 1.800 UI \/ kg. Vitamin E 250 mg \/ kg. Vitamin C 100 mg \/ kg. Biotin 4,0 mg \/ kg. Jern (ferrosulfat monohydrat)) 68 mg \/ kg. Jod (Kaliumiodid) 3,2 mg \/ kg. Kobber (cuprisulfat, pentahydrat) 9 mg \/ kg. Mangan (Mangan sulfat, monohydrat) 6,8 mg \/ kg. Zinkoxid 135 mg \/ kg. Selen (natriumselenit) 0,1 mg \/ kg. -L-carnitin 70 mg \/ kg. Taurin 30 mg \/ kg.<\/p>\n<p><b>Teknologiske:<\/b>\u00a0Naturlige antioxidanter (tocopheroler).<\/p>\n<p><strong>Foderanbefaling<\/strong><\/p>\n<table>\n<tbody>\n<tr>\n<td width=\"141\">\n<p align=\"center\"><b><span lang=\"EN-US\">Hundens v\u00e6gt<\/span><\/b><\/p>\n<\/td>\n<td valign=\"top\" width=\"132\">\n<p align=\"center\"><b><span lang=\"EN-US\">Reduceret aktivitet<\/span><\/b><\/p>\n<\/td>\n<td width=\"132\">\n<p align=\"center\"><b><span lang=\"EN-US\">Normale Aktivitet<\/span><\/b><\/p>\n<\/td>\n<td width=\"132\">\n<p align=\"center\"><b><span lang=\"EN-US\">Forh\u00f8jet Aktivitet<\/span><\/b><\/p>\n<\/td>\n<\/tr>\n<tr>\n<td width=\"141\">\n<p align=\"center\"><b><span lang=\"EN-US\">1 kg<\/span><\/b><\/p>\n<\/td>\n<td valign=\"top\" width=\"132\">\n<p align=\"center\"><b><span lang=\"EN-US\">24 g<\/span><\/b><\/p>\n<\/td>\n<td width=\"132\">\n<p align=\"center\"><b><span lang=\"EN-US\">28 g<\/span><\/b><\/p>\n<\/td>\n<td width=\"132\">\n<p align=\"center\"><b><span lang=\"EN-US\">35 g<\/span><\/b><\/p>\n<\/td>\n<\/tr>\n<tr>\n<td width=\"141\">\n<p align=\"center\"><b><span lang=\"EN-US\">3 kg<\/span><\/b><\/p>\n<\/td>\n<td valign=\"top\" width=\"132\">\n<p align=\"center\"><b><span lang=\"EN-US\">56 g<\/span><\/b><\/p>\n<\/td>\n<td width=\"132\">\n<p align=\"center\"><b><span lang=\"EN-US\">64 g<\/span><\/b><\/p>\n<\/td>\n<td width=\"132\">\n<p align=\"center\"><b><span lang=\"EN-US\">79 g<\/span><\/b><\/p>\n<\/td>\n<\/tr>\n<tr>\n<td width=\"141\">\n<p align=\"center\"><b><span lang=\"EN-US\">5 kg<\/span><\/b><\/p>\n<\/td>\n<td valign=\"top\" width=\"132\">\n<p align=\"center\"><b><span lang=\"EN-US\">81 g<\/span><\/b><\/p>\n<\/td>\n<td width=\"132\">\n<p align=\"center\"><b><span lang=\"EN-US\">94 g<\/span><\/b><\/p>\n<\/td>\n<td width=\"132\">\n<p align=\"center\"><b><span lang=\"EN-US\">116 g<\/span><\/b><\/p>\n<\/td>\n<\/tr>\n<tr>\n<td width=\"141\">\n<p align=\"center\"><b><span lang=\"EN-US\">10 kg<\/span><\/b><\/p>\n<\/td>\n<td valign=\"top\" width=\"132\">\n<p align=\"center\"><b><span lang=\"EN-US\">137 g<\/span><\/b><\/p>\n<\/td>\n<td width=\"132\">\n<p align=\"center\"><b><span lang=\"EN-US\">159 g<\/span><\/b><\/p>\n<\/td>\n<td width=\"132\">\n<p align=\"center\"><b><span lang=\"EN-US\">195 g<\/span><\/b><\/p>\n<\/td>\n<\/tr>\n<tr>\n<td width=\"141\">\n<p align=\"center\"><b><span lang=\"EN-US\">15 kg<\/span><\/b><\/p>\n<\/td>\n<td valign=\"top\" width=\"132\">\n<p align=\"center\"><b><span lang=\"EN-US\">186 g<\/span><\/b><\/p>\n<\/td>\n<td width=\"132\">\n<p align=\"center\"><b><span lang=\"EN-US\">215 g<\/span><\/b><\/p>\n<\/td>\n<td width=\"132\">\n<p align=\"center\"><b><span lang=\"EN-US\">264 g<\/span><\/b><\/p>\n<\/td>\n<\/tr>\n<tr>\n<td width=\"141\">\n<p align=\"center\"><b><span lang=\"EN-US\">20 kg<\/span><\/b><\/p>\n<\/td>\n<td valign=\"top\" width=\"132\">\n<p align=\"center\"><b><span lang=\"EN-US\">230 g<\/span><\/b><\/p>\n<\/td>\n<td width=\"132\">\n<p align=\"center\"><b><span lang=\"EN-US\">267 g<\/span><\/b><\/p>\n<\/td>\n<td width=\"132\">\n<p align=\"center\"><b><span lang=\"EN-US\">327 g<\/span><\/b><\/p>\n<\/td>\n<\/tr>\n<tr>\n<td width=\"141\">\n<p align=\"center\"><b><span lang=\"EN-US\">30 kg<\/span><\/b><\/p>\n<\/td>\n<td valign=\"top\" width=\"132\">\n<p align=\"center\"><b><span lang=\"EN-US\">312 g<\/span><\/b><\/p>\n<\/td>\n<td width=\"132\">\n<p align=\"center\"><b><span lang=\"EN-US\">362 g<\/span><\/b><\/p>\n<\/td>\n<td width=\"132\">\n<p align=\"center\"><b><span lang=\"EN-US\">444 g<\/span><\/b><\/p>\n<\/td>\n<\/tr>\n<tr>\n<td width=\"141\">\n<p align=\"center\"><b><span lang=\"EN-US\">40 kg<\/span><\/b><\/p>\n<\/td>\n<td valign=\"top\" width=\"132\">\n<p align=\"center\"><b><span lang=\"EN-US\">387 g<\/span><\/b><\/p>\n<\/td>\n<td width=\"132\">\n<p align=\"center\"><b><span lang=\"EN-US\">449 g<\/span><\/b><\/p>\n<\/td>\n<td width=\"132\">\n<p align=\"center\"><b><span lang=\"EN-US\">551 g<\/span><\/b><\/p>\n<\/td>\n<\/tr>\n<tr>\n<td width=\"141\">\n<p align=\"center\"><b><span lang=\"EN-US\">50 kg<\/span><\/b><\/p>\n<\/td>\n<td valign=\"top\" width=\"132\">\n<p align=\"center\"><b><span lang=\"EN-US\">485 g<\/span><\/b><\/p>\n<\/td>\n<td width=\"132\">\n<p align=\"center\"><b><span lang=\"EN-US\">530 g<\/span><\/b><\/p>\n<\/td>\n<td width=\"132\">\n<p align=\"center\"><b><span lang=\"EN-US\">651 g<\/span><\/b><\/p>\n<\/td>\n<\/tr>\n<tr>\n<td width=\"141\">\n<p align=\"center\"><b><span lang=\"EN-US\">60 kg<\/span><\/b><\/p>\n<\/td>\n<td valign=\"top\" width=\"132\">\n<p align=\"center\"><b><span lang=\"EN-US\">525 g<\/span><\/b><\/p>\n<\/td>\n<td width=\"132\">\n<p align=\"center\"><b><span lang=\"EN-US\">608 g<\/span><\/b><\/p>\n<\/td>\n<td width=\"132\">\n<p align=\"center\"><b><span lang=\"EN-US\">746 g<\/span><\/b><\/p>\n<\/td>\n<\/tr>\n<\/tbody>\n<\/table>\n","protected":false},"excerpt":{"rendered":"<p>Adult Sensitive med laks &amp; kartoffel Fuldfoder til voksne hunde af alle racer som fremmer en bedre pels og hud fra 10 m\u00e5neder. Tarm beskyttelse:\u00a0Den beskyttende virkning af L-glutamin p\u00e5 cellerne i tarmslimet kombineret med stimulerende virkning for\u00e5rsaget af produktionen af ford\u00f8jelsesenzymer fra ingef\u00e6r, i h\u00f8j grad letter ford\u00f8jelsen af \u200b\u200bn\u00e6ringsstofferne. Immunt styreprogram:\u00a0Systemet anticarcinogen beskyttelse [&hellip;]<\/p>\n","protected":false},"featured_media":5927,"comment_status":"closed","ping_status":"closed","template":"","meta":[],"product_brand":[18],"product_cat":[258,17],"product_tag":[21,20,22,19],"class_list":{"0":"post-131","1":"product","2":"type-product","3":"status-publish","4":"has-post-thumbnail","6":"product_brand-optimanova","7":"product_cat-optimanova","8":"product_cat-toerfoder","9":"product_tag-allergifoder","10":"product_tag-hundefoder","11":"product_tag-singelprotein","12":"product_tag-toerfoder","13":"pa_kilo-283","14":"pa_kilo-271","16":"first","17":"instock","18":"taxable","19":"shipping-taxable","20":"purchasable","21":"product-type-variable"},"_links":{"self":[{"href":"https:\/\/barf-aalborg.dk\/index.php\/wp-json\/wp\/v2\/product\/131","targetHints":{"allow":["GET"]}}],"collection":[{"href":"https:\/\/barf-aalborg.dk\/index.php\/wp-json\/wp\/v2\/product"}],"about":[{"href":"https:\/\/barf-aalborg.dk\/index.php\/wp-json\/wp\/v2\/types\/product"}],"replies":[{"embeddable":true,"href":"https:\/\/barf-aalborg.dk\/index.php\/wp-json\/wp\/v2\/comments?post=131"}],"version-history":[{"count":2,"href":"https:\/\/barf-aalborg.dk\/index.php\/wp-json\/wp\/v2\/product\/131\/revisions"}],"predecessor-version":[{"id":6000,"href":"https:\/\/barf-aalborg.dk\/index.php\/wp-json\/wp\/v2\/product\/131\/revisions\/6000"}],"wp:featuredmedia":[{"embeddable":true,"href":"https:\/\/barf-aalborg.dk\/index.php\/wp-json\/wp\/v2\/media\/5927"}],"wp:attachment":[{"href":"https:\/\/barf-aalborg.dk\/index.php\/wp-json\/wp\/v2\/media?parent=131"}],"wp:term":[{"taxonomy":"product_brand","embeddable":true,"href":"https:\/\/barf-aalborg.dk\/index.php\/wp-json\/wp\/v2\/product_brand?post=131"},{"taxonomy":"product_cat","embeddable":true,"href":"https:\/\/barf-aalborg.dk\/index.php\/wp-json\/wp\/v2\/product_cat?post=131"},{"taxonomy":"product_tag","embeddable":true,"href":"https:\/\/barf-aalborg.dk\/index.php\/wp-json\/wp\/v2\/product_tag?post=131"}],"curies":[{"name":"wp","href":"https:\/\/api.w.org\/{rel}","templated":true}]}}